{"id":27531,"date":"2024-07-07T16:41:44","date_gmt":"2024-07-07T16:41:44","guid":{"rendered":"https:\/\/360mallorcaproperty.com\/?page_id=27531"},"modified":"2024-07-20T18:14:45","modified_gmt":"2024-07-20T18:14:45","slug":"ueber-uns-2","status":"publish","type":"page","link":"https:\/\/360mallorcaproperty.com\/de\/ueber-uns-2\/","title":{"rendered":"\u00dcber uns"},"content":{"rendered":"\t\t<div data-elementor-type=\"wp-post\" data-elementor-id=\"27531\" class=\"elementor elementor-27531 elementor-27498\" data-elementor-post-type=\"page\">\n\t\t\t\t\t\t<section class=\"elementor-section elementor-top-section elementor-element elementor-element-cc8077a elementor-section-boxed elementor-section-height-default elementor-section-height-default\" data-id=\"cc8077a\" data-element_type=\"section\" data-e-type=\"section\">\n\t\t\t\t\t\t<div class=\"elementor-container elementor-column-gap-default\">\n\t\t\t\t\t<div class=\"elementor-column elementor-col-100 elementor-top-column elementor-element elementor-element-916519f\" data-id=\"916519f\" data-element_type=\"column\" data-e-type=\"column\">\n\t\t\t<div class=\"elementor-widget-wrap elementor-element-populated\">\n\t\t\t\t\t\t<div class=\"elementor-element elementor-element-ab75a69 elementor-widget elementor-widget-text-editor\" data-id=\"ab75a69\" data-element_type=\"widget\" data-e-type=\"widget\" data-widget_type=\"text-editor.default\">\n\t\t\t\t<div class=\"elementor-widget-container\">\n\t\t\t\t\t\t\t\t\t<p>Sie finden uns im bekannten malerischen Fischerhafen von Portopetro an der S\u00fcdostk\u00fcste Mallorcas.<br \/><br \/>Beide Unternehmen (360 Mallorca Property und Excavaciones Covas S.L.) wurden 1993 gegr\u00fcndet und arbeiten Hand in Hand. 360 Mallorca Property betreut als professioneller Immobilienvermittler seit 1993 Kunden aus aller Welt auf der gesamten Insel. Excavaciones Covas hat sich auf Sanierungs-, Erd- und Bauarbeiten spezialisiert.<br \/><br \/>Mallorca hat sich dank seines kosmopolitischen Lifestyles, seiner eindrucksvollen Landschaften, den mehr als 500 km langen K\u00fcste, der vielen Freizeit- und Sportm\u00f6glichkeiten und nicht zuletzt aufgrund seiner 300 Sonnentage im Jahr zu einem der begehrtesten Reiseziele und Wohnsitze in Europa entwickelt. Unser Ziel ist es, sie bei der Verwirklichung ihres Traums eines Eigenheims auf Mallorca in jeglicher Form zu begleiten und zu unterst\u00fctzen.\u00a0<br \/><br \/>Ob es sich um Kauf oder Verkauf, eine komplette oder teilweise Sanierung bzw. Renovierung, die Instandhaltung ihrer Immobilie (z. B. Poolservice etc.) oder um einen Neubau handelt, wir helfen Ihnen bei der Verwirklichung Ihres Vorhabens. Profitieren sie von unserem umfangreichen Fachwissen, unserer fundierten Kenntnis \u00fcber die Insel, unserem weitverzweigten Netz an Firmen und einem Team, bei dem s\u00e4mtliches Knowhow aus einer Hand kommt.<br \/><br \/>Teilen sie uns Ihr Anliegen bzw. Vorhaben unverbindlich mit. Wir nehmen dann unverz\u00fcglich Kontakt mit Ihnen auf und erl\u00e4utern mit Ihnen zusammen die weiteren Schritte. Auf Wunsch k\u00f6nnen Sie sich auch entspannt zur\u00fccklehnen und uns die Arbeit von der Planung bis zur Umsetzung \u00fcberlassen. Wir kooperieren dar\u00fcber hinaus auch mit namhaften Anwaltskanzleien, so dass Ihr Vorhaben auch aus rechtlicher Sicht umfassend abgesichert ist.<br \/><br \/>Unsere detaillierten Angebote entnehmen Sie bitte der nachfolgenden T\u00e4tigkeitsbeschreibung.<\/p>\t\t\t\t\t\t\t\t<\/div>\n\t\t\t\t<\/div>\n\t\t\t\t\t<\/div>\n\t\t<\/div>\n\t\t\t\t\t<\/div>\n\t\t<\/section>\n\t\t\t\t<section class=\"elementor-section elementor-top-section elementor-element elementor-element-0e5f751 elementor-section-boxed elementor-section-height-default elementor-section-height-default\" data-id=\"0e5f751\" data-element_type=\"section\" data-e-type=\"section\">\n\t\t\t\t\t\t<div class=\"elementor-container elementor-column-gap-default\">\n\t\t\t\t\t<div class=\"elementor-column elementor-col-100 elementor-top-column elementor-element elementor-element-4a66914\" data-id=\"4a66914\" data-element_type=\"column\" data-e-type=\"column\">\n\t\t\t<div class=\"elementor-widget-wrap elementor-element-populated\">\n\t\t\t\t\t\t<div class=\"elementor-element elementor-element-573ec9c elementor-widget-divider--view-line elementor-widget elementor-widget-divider\" data-id=\"573ec9c\" data-element_type=\"widget\" data-e-type=\"widget\" data-widget_type=\"divider.default\">\n\t\t\t\t<div class=\"elementor-widget-container\">\n\t\t\t\t\t\t\t<div class=\"elementor-divider\">\n\t\t\t<span class=\"elementor-divider-separator\">\n\t\t\t\t\t\t<\/span>\n\t\t<\/div>\n\t\t\t\t\t\t<\/div>\n\t\t\t\t<\/div>\n\t\t\t\t\t<\/div>\n\t\t<\/div>\n\t\t\t\t\t<\/div>\n\t\t<\/section>\n\t\t\t\t<section class=\"elementor-section elementor-top-section elementor-element elementor-element-88cf540 elementor-section-boxed elementor-section-height-default elementor-section-height-default\" data-id=\"88cf540\" data-element_type=\"section\" data-e-type=\"section\">\n\t\t\t\t\t\t<div class=\"elementor-container elementor-column-gap-default\">\n\t\t\t\t\t<div class=\"elementor-column elementor-col-50 elementor-top-column elementor-element elementor-element-77fb5f3\" data-id=\"77fb5f3\" data-element_type=\"column\" data-e-type=\"column\">\n\t\t\t<div class=\"elementor-widget-wrap elementor-element-populated\">\n\t\t\t\t\t\t<div class=\"elementor-element elementor-element-c261778 elementor-widget elementor-widget-image\" data-id=\"c261778\" data-element_type=\"widget\" data-e-type=\"widget\" data-widget_type=\"image.default\">\n\t\t\t\t<div class=\"elementor-widget-container\">\n\t\t\t\t\t\t\t\t\t\t\t\t\t\t\t<img fetchpriority=\"high\" decoding=\"async\" width=\"738\" height=\"416\" src=\"https:\/\/360mallorcaproperty.com\/wp-content\/uploads\/2024\/07\/Logo-1.png\" class=\"attachment-large size-large wp-image-28461\" alt=\"\" srcset=\"https:\/\/360mallorcaproperty.com\/wp-content\/uploads\/2024\/07\/Logo-1.png 960w, https:\/\/360mallorcaproperty.com\/wp-content\/uploads\/2024\/07\/Logo-1-300x169.png 300w, https:\/\/360mallorcaproperty.com\/wp-content\/uploads\/2024\/07\/Logo-1-768x433.png 768w, https:\/\/360mallorcaproperty.com\/wp-content\/uploads\/2024\/07\/Logo-1-150x85.png 150w\" sizes=\"(max-width: 738px) 100vw, 738px\" \/>\t\t\t\t\t\t\t\t\t\t\t\t\t\t\t<\/div>\n\t\t\t\t<\/div>\n\t\t\t\t\t<\/div>\n\t\t<\/div>\n\t\t\t\t<div class=\"elementor-column elementor-col-50 elementor-top-column elementor-element elementor-element-e682a2c\" data-id=\"e682a2c\" data-element_type=\"column\" data-e-type=\"column\">\n\t\t\t<div class=\"elementor-widget-wrap elementor-element-populated\">\n\t\t\t\t\t\t<div class=\"elementor-element elementor-element-3df7a19 elementor-widget elementor-widget-text-editor\" data-id=\"3df7a19\" data-element_type=\"widget\" data-e-type=\"widget\" data-widget_type=\"text-editor.default\">\n\t\t\t\t<div class=\"elementor-widget-container\">\n\t\t\t\t\t\t\t\t\t<p>Die von uns seit 1993 erworbenen umfangreichen Kenntnisse von Land und Leuten sowie der Zugriff auf umfangreiche Immobiliendatenbanken machen 360 Mallorca Property f\u00fcr Sie zur perfekten Immobilienagentur. Wir garantieren Ihnen, dass wir das Richtige f\u00fcr Sie bzw. Ihren Kunden finden werden.<br \/><br \/><span style=\"text-decoration: underline;\">Hier ein kleiner Auszug aus unserem Leistungsangebot<\/span>:<\/p>\t\t\t\t\t\t\t\t<\/div>\n\t\t\t\t<\/div>\n\t\t\t\t<div class=\"elementor-element elementor-element-c3de9c3 elementor-align-start elementor-icon-list--layout-traditional elementor-list-item-link-full_width elementor-widget elementor-widget-icon-list\" data-id=\"c3de9c3\" data-element_type=\"widget\" data-e-type=\"widget\" data-widget_type=\"icon-list.default\">\n\t\t\t\t<div class=\"elementor-widget-container\">\n\t\t\t\t\t\t\t<ul class=\"elementor-icon-list-items\">\n\t\t\t\t\t\t\t<li class=\"elementor-icon-list-item\">\n\t\t\t\t\t\t\t\t\t\t\t<span class=\"elementor-icon-list-icon\">\n\t\t\t\t\t\t\t<i aria-hidden=\"true\" class=\"far fa-arrow-alt-circle-right\"><\/i>\t\t\t\t\t\t<\/span>\n\t\t\t\t\t\t\t\t\t\t<span class=\"elementor-icon-list-text\">Auswahl von Immobilien, die Ihren Bed\u00fcrfnissen und Ihrem Budget entsprechen <\/span>\n\t\t\t\t\t\t\t\t\t<\/li>\n\t\t\t\t\t\t\t\t<li class=\"elementor-icon-list-item\">\n\t\t\t\t\t\t\t\t\t\t\t<span class=\"elementor-icon-list-icon\">\n\t\t\t\t\t\t\t<i aria-hidden=\"true\" class=\"far fa-arrow-alt-circle-right\"><\/i>\t\t\t\t\t\t<\/span>\n\t\t\t\t\t\t\t\t\t\t<span class=\"elementor-icon-list-text\">Organisation von Besichtigungen bzw. -touren <\/span>\n\t\t\t\t\t\t\t\t\t<\/li>\n\t\t\t\t\t\t\t\t<li class=\"elementor-icon-list-item\">\n\t\t\t\t\t\t\t\t\t\t\t<span class=\"elementor-icon-list-icon\">\n\t\t\t\t\t\t\t<i aria-hidden=\"true\" class=\"far fa-arrow-alt-circle-right\"><\/i>\t\t\t\t\t\t<\/span>\n\t\t\t\t\t\t\t\t\t\t<span class=\"elementor-icon-list-text\">faire Verhandlungen zwischen K\u00e4ufer und Verk\u00e4ufer auf Augenh\u00f6he<\/span>\n\t\t\t\t\t\t\t\t\t<\/li>\n\t\t\t\t\t\t\t\t<li class=\"elementor-icon-list-item\">\n\t\t\t\t\t\t\t\t\t\t\t<span class=\"elementor-icon-list-icon\">\n\t\t\t\t\t\t\t<i aria-hidden=\"true\" class=\"far fa-arrow-alt-circle-right\"><\/i>\t\t\t\t\t\t<\/span>\n\t\t\t\t\t\t\t\t\t\t<span class=\"elementor-icon-list-text\">Bewertung der rechtlichen und st\u00e4dtebaulichen Situation der Immobilie<\/span>\n\t\t\t\t\t\t\t\t\t<\/li>\n\t\t\t\t\t\t\t\t<li class=\"elementor-icon-list-item\">\n\t\t\t\t\t\t\t\t\t\t\t<span class=\"elementor-icon-list-icon\">\n\t\t\t\t\t\t\t<i aria-hidden=\"true\" class=\"far fa-arrow-alt-circle-right\"><\/i>\t\t\t\t\t\t<\/span>\n\t\t\t\t\t\t\t\t\t\t<span class=\"elementor-icon-list-text\">Beschaffung bzw. Vorbereitung der ben\u00f6tigten Unterlagen (Registrierungsvermerk, Katasterstatus, Urkunden), einschlie\u00dflich der erforderlichen rechtlichen Pr\u00fcfung<\/span>\n\t\t\t\t\t\t\t\t\t<\/li>\n\t\t\t\t\t\t\t\t<li class=\"elementor-icon-list-item\">\n\t\t\t\t\t\t\t\t\t\t\t<span class=\"elementor-icon-list-icon\">\n\t\t\t\t\t\t\t<i aria-hidden=\"true\" class=\"far fa-arrow-alt-circle-right\"><\/i>\t\t\t\t\t\t<\/span>\n\t\t\t\t\t\t\t\t\t\t<span class=\"elementor-icon-list-text\">Konsultation und\/oder Vermittlung von \u00dcbersetzern sowie Architekten, (Bau-)Gutachtern, Notaren und Rechtsanw\u00e4lten, die Ihrer Sprache m\u00e4chtig sind<\/span>\n\t\t\t\t\t\t\t\t\t<\/li>\n\t\t\t\t\t\t<\/ul>\n\t\t\t\t\t\t<\/div>\n\t\t\t\t<\/div>\n\t\t\t\t<div class=\"elementor-element elementor-element-cff7e66 elementor-widget elementor-widget-text-editor\" data-id=\"cff7e66\" data-element_type=\"widget\" data-e-type=\"widget\" data-widget_type=\"text-editor.default\">\n\t\t\t\t<div class=\"elementor-widget-container\">\n\t\t\t\t\t\t\t\t\t<p>Z\u00f6gern Sie nicht uns zu anzusprechen. Unser Team steht Ihnen f\u00fcr alle Fragen gerne zur Verf\u00fcgung.<br \/><br \/><a href=\"https:\/\/360mallorcaproperty.com\/contact\/\"><span style=\"text-decoration: underline;\">Kontakt<\/span><\/a><\/p>\t\t\t\t\t\t\t\t<\/div>\n\t\t\t\t<\/div>\n\t\t\t\t\t<\/div>\n\t\t<\/div>\n\t\t\t\t\t<\/div>\n\t\t<\/section>\n\t\t\t\t<section class=\"elementor-section elementor-top-section elementor-element elementor-element-4671c7c elementor-section-boxed elementor-section-height-default elementor-section-height-default\" data-id=\"4671c7c\" data-element_type=\"section\" data-e-type=\"section\">\n\t\t\t\t\t\t<div class=\"elementor-container elementor-column-gap-default\">\n\t\t\t\t\t<div class=\"elementor-column elementor-col-100 elementor-top-column elementor-element elementor-element-948e5b6\" data-id=\"948e5b6\" data-element_type=\"column\" data-e-type=\"column\">\n\t\t\t<div class=\"elementor-widget-wrap elementor-element-populated\">\n\t\t\t\t\t\t<div class=\"elementor-element elementor-element-0da26db elementor-widget-divider--view-line elementor-widget elementor-widget-divider\" data-id=\"0da26db\" data-element_type=\"widget\" data-e-type=\"widget\" data-widget_type=\"divider.default\">\n\t\t\t\t<div class=\"elementor-widget-container\">\n\t\t\t\t\t\t\t<div class=\"elementor-divider\">\n\t\t\t<span class=\"elementor-divider-separator\">\n\t\t\t\t\t\t<\/span>\n\t\t<\/div>\n\t\t\t\t\t\t<\/div>\n\t\t\t\t<\/div>\n\t\t\t\t\t<\/div>\n\t\t<\/div>\n\t\t\t\t\t<\/div>\n\t\t<\/section>\n\t\t\t\t<section class=\"elementor-section elementor-top-section elementor-element elementor-element-da4e1d4 elementor-section-boxed elementor-section-height-default elementor-section-height-default\" data-id=\"da4e1d4\" data-element_type=\"section\" data-e-type=\"section\">\n\t\t\t\t\t\t<div class=\"elementor-container elementor-column-gap-default\">\n\t\t\t\t\t<div class=\"elementor-column elementor-col-50 elementor-top-column elementor-element elementor-element-899f126\" data-id=\"899f126\" data-element_type=\"column\" data-e-type=\"column\">\n\t\t\t<div class=\"elementor-widget-wrap elementor-element-populated\">\n\t\t\t\t\t\t<div class=\"elementor-element elementor-element-0b4fb93 elementor-widget elementor-widget-image\" data-id=\"0b4fb93\" data-element_type=\"widget\" data-e-type=\"widget\" data-widget_type=\"image.default\">\n\t\t\t\t<div class=\"elementor-widget-container\">\n\t\t\t\t\t\t\t\t\t\t\t\t\t\t\t<img decoding=\"async\" width=\"738\" height=\"198\" src=\"https:\/\/360mallorcaproperty.com\/wp-content\/uploads\/2024\/07\/Covas-1024x275.jpg\" class=\"attachment-large size-large wp-image-28467\" alt=\"\" srcset=\"https:\/\/360mallorcaproperty.com\/wp-content\/uploads\/2024\/07\/Covas-1024x275.jpg 1024w, https:\/\/360mallorcaproperty.com\/wp-content\/uploads\/2024\/07\/Covas-300x81.jpg 300w, https:\/\/360mallorcaproperty.com\/wp-content\/uploads\/2024\/07\/Covas-768x206.jpg 768w, https:\/\/360mallorcaproperty.com\/wp-content\/uploads\/2024\/07\/Covas-1536x413.jpg 1536w, https:\/\/360mallorcaproperty.com\/wp-content\/uploads\/2024\/07\/Covas-2048x550.jpg 2048w, https:\/\/360mallorcaproperty.com\/wp-content\/uploads\/2024\/07\/Covas-150x40.jpg 150w\" sizes=\"(max-width: 738px) 100vw, 738px\" \/>\t\t\t\t\t\t\t\t\t\t\t\t\t\t\t<\/div>\n\t\t\t\t<\/div>\n\t\t\t\t\t<\/div>\n\t\t<\/div>\n\t\t\t\t<div class=\"elementor-column elementor-col-50 elementor-top-column elementor-element elementor-element-373e47b\" data-id=\"373e47b\" data-element_type=\"column\" data-e-type=\"column\">\n\t\t\t<div class=\"elementor-widget-wrap elementor-element-populated\">\n\t\t\t\t\t\t<div class=\"elementor-element elementor-element-a11fc3c elementor-widget elementor-widget-text-editor\" data-id=\"a11fc3c\" data-element_type=\"widget\" data-e-type=\"widget\" data-widget_type=\"text-editor.default\">\n\t\t\t\t<div class=\"elementor-widget-container\">\n\t\t\t\t\t\t\t\t\t<p>Excavaciones Covas ist ein Familienunternehmen, das sich auf Erd-, Abbruch-, Bau-, Tiefbau und Sanierungsprojekte spezialisiert hat. Dank unserer langj\u00e4hrigen Erfahrung in diesen Bereichen k\u00f6nnen wir Ihnen oder Ihrem Kunden ein umfassendes Portfolio an L\u00f6sungen bieten.<br \/><br \/><span style=\"text-decoration: underline;\">Unter anderem sind wir Spezialisten in den folgenden Bereichen<\/span>:<\/p>\t\t\t\t\t\t\t\t<\/div>\n\t\t\t\t<\/div>\n\t\t\t\t<div class=\"elementor-element elementor-element-ea912ca elementor-align-start elementor-icon-list--layout-traditional elementor-list-item-link-full_width elementor-widget elementor-widget-icon-list\" data-id=\"ea912ca\" data-element_type=\"widget\" data-e-type=\"widget\" data-widget_type=\"icon-list.default\">\n\t\t\t\t<div class=\"elementor-widget-container\">\n\t\t\t\t\t\t\t<ul class=\"elementor-icon-list-items\">\n\t\t\t\t\t\t\t<li class=\"elementor-icon-list-item\">\n\t\t\t\t\t\t\t\t\t\t\t<span class=\"elementor-icon-list-icon\">\n\t\t\t\t\t\t\t<i aria-hidden=\"true\" class=\"far fa-arrow-alt-circle-right\"><\/i>\t\t\t\t\t\t<\/span>\n\t\t\t\t\t\t\t\t\t\t<span class=\"elementor-icon-list-text\">Reinigung und Nivellierung von G\u00e4rten<\/span>\n\t\t\t\t\t\t\t\t\t<\/li>\n\t\t\t\t\t\t\t\t<li class=\"elementor-icon-list-item\">\n\t\t\t\t\t\t\t\t\t\t\t<span class=\"elementor-icon-list-icon\">\n\t\t\t\t\t\t\t<i aria-hidden=\"true\" class=\"far fa-arrow-alt-circle-right\"><\/i>\t\t\t\t\t\t<\/span>\n\t\t\t\t\t\t\t\t\t\t<span class=\"elementor-icon-list-text\">Neubau und\/oder Anpassung von bestehenden Stra\u00dfen, Wegen etc.<\/span>\n\t\t\t\t\t\t\t\t\t<\/li>\n\t\t\t\t\t\t\t\t<li class=\"elementor-icon-list-item\">\n\t\t\t\t\t\t\t\t\t\t\t<span class=\"elementor-icon-list-icon\">\n\t\t\t\t\t\t\t<i aria-hidden=\"true\" class=\"far fa-arrow-alt-circle-right\"><\/i>\t\t\t\t\t\t<\/span>\n\t\t\t\t\t\t\t\t\t\t<span class=\"elementor-icon-list-text\">Abrissarbeiten<\/span>\n\t\t\t\t\t\t\t\t\t<\/li>\n\t\t\t\t\t\t\t\t<li class=\"elementor-icon-list-item\">\n\t\t\t\t\t\t\t\t\t\t\t<span class=\"elementor-icon-list-icon\">\n\t\t\t\t\t\t\t<i aria-hidden=\"true\" class=\"far fa-arrow-alt-circle-right\"><\/i>\t\t\t\t\t\t<\/span>\n\t\t\t\t\t\t\t\t\t\t<span class=\"elementor-icon-list-text\">Errichtung und Sanierung von St\u00fctzmauern und W\u00e4llen<\/span>\n\t\t\t\t\t\t\t\t\t<\/li>\n\t\t\t\t\t\t\t\t<li class=\"elementor-icon-list-item\">\n\t\t\t\t\t\t\t\t\t\t\t<span class=\"elementor-icon-list-icon\">\n\t\t\t\t\t\t\t<i aria-hidden=\"true\" class=\"far fa-arrow-alt-circle-right\"><\/i>\t\t\t\t\t\t<\/span>\n\t\t\t\t\t\t\t\t\t\t<span class=\"elementor-icon-list-text\">Geb\u00e4udebau<\/span>\n\t\t\t\t\t\t\t\t\t<\/li>\n\t\t\t\t\t\t\t\t<li class=\"elementor-icon-list-item\">\n\t\t\t\t\t\t\t\t\t\t\t<span class=\"elementor-icon-list-icon\">\n\t\t\t\t\t\t\t<i aria-hidden=\"true\" class=\"far fa-arrow-alt-circle-right\"><\/i>\t\t\t\t\t\t<\/span>\n\t\t\t\t\t\t\t\t\t\t<span class=\"elementor-icon-list-text\"> Drainagearbeiten<\/span>\n\t\t\t\t\t\t\t\t\t<\/li>\n\t\t\t\t\t\t\t\t<li class=\"elementor-icon-list-item\">\n\t\t\t\t\t\t\t\t\t\t\t<span class=\"elementor-icon-list-icon\">\n\t\t\t\t\t\t\t<i aria-hidden=\"true\" class=\"far fa-arrow-alt-circle-right\"><\/i>\t\t\t\t\t\t<\/span>\n\t\t\t\t\t\t\t\t\t\t<span class=\"elementor-icon-list-text\">Renovierungen \/ Sanierungen von Bestandsobjekten<\/span>\n\t\t\t\t\t\t\t\t\t<\/li>\n\t\t\t\t\t\t\t\t<li class=\"elementor-icon-list-item\">\n\t\t\t\t\t\t\t\t\t\t\t<span class=\"elementor-icon-list-icon\">\n\t\t\t\t\t\t\t<i aria-hidden=\"true\" class=\"far fa-arrow-alt-circle-right\"><\/i>\t\t\t\t\t\t<\/span>\n\t\t\t\t\t\t\t\t\t\t<span class=\"elementor-icon-list-text\">Bau und Sanierung von Poolanlagen<\/span>\n\t\t\t\t\t\t\t\t\t<\/li>\n\t\t\t\t\t\t<\/ul>\n\t\t\t\t\t\t<\/div>\n\t\t\t\t<\/div>\n\t\t\t\t<div class=\"elementor-element elementor-element-a1fed58 elementor-widget elementor-widget-text-editor\" data-id=\"a1fed58\" data-element_type=\"widget\" data-e-type=\"widget\" data-widget_type=\"text-editor.default\">\n\t\t\t\t<div class=\"elementor-widget-container\">\n\t\t\t\t\t\t\t\t\t<p>Unsere technischen und fachlichen M\u00f6glichkeiten kennen keine Grenzen. Teilen Sie uns einfach Ihr Vorhaben bzw. Projekt mit und wir unterbreiten Ihnen gerne einen unverbindlichen Kostenvoranschlag.<br \/><br \/>Besuchen Sie uns auch auf unserer Homepage und erfahren sie mehr \u00fcber unser Unternehmen und unsere aktuellen Projekte: <a href=\"http:\/\/www.excavacionescovas.com\/\">www.excavacionescovas.com<\/a><\/p>\t\t\t\t\t\t\t\t<\/div>\n\t\t\t\t<\/div>\n\t\t\t\t\t<\/div>\n\t\t<\/div>\n\t\t\t\t\t<\/div>\n\t\t<\/section>\n\t\t\t\t<\/div>\n\t\t","protected":false},"excerpt":{"rendered":"<p>Sie finden uns im bekannten malerischen Fischerhafen von Portopetro an der S\u00fcdostk\u00fcste Mallorcas. Beide Unternehmen (360 Mallorca Property und Excavaciones Covas S.L.) wurden 1993 gegr\u00fcndet und arbeiten Hand in Hand. 360 Mallorca Property betreut als professioneller Immobilienvermittler seit 1993 Kunden aus aller Welt auf der gesamten Insel. Excavaciones Covas hat sich auf Sanierungs-, Erd- und&#8230;<\/p>\n","protected":false},"author":1,"featured_media":0,"parent":0,"menu_order":0,"comment_status":"closed","ping_status":"closed","template":"","meta":{"footnotes":""},"class_list":["post-27531","page","type-page","status-publish","hentry"],"_links":{"self":[{"href":"https:\/\/360mallorcaproperty.com\/de\/wp-json\/wp\/v2\/pages\/27531","targetHints":{"allow":["GET"]}}],"collection":[{"href":"https:\/\/360mallorcaproperty.com\/de\/wp-json\/wp\/v2\/pages"}],"about":[{"href":"https:\/\/360mallorcaproperty.com\/de\/wp-json\/wp\/v2\/types\/page"}],"author":[{"embeddable":true,"href":"https:\/\/360mallorcaproperty.com\/de\/wp-json\/wp\/v2\/users\/1"}],"replies":[{"embeddable":true,"href":"https:\/\/360mallorcaproperty.com\/de\/wp-json\/wp\/v2\/comments?post=27531"}],"version-history":[{"count":0,"href":"https:\/\/360mallorcaproperty.com\/de\/wp-json\/wp\/v2\/pages\/27531\/revisions"}],"wp:attachment":[{"href":"https:\/\/360mallorcaproperty.com\/de\/wp-json\/wp\/v2\/media?parent=27531"}],"curies":[{"name":"wp","href":"https:\/\/api.w.org\/{rel}","templated":true}]}}